{"id":3459,"date":"2012-05-08T23:16:52","date_gmt":"2012-05-09T02:16:52","guid":{"rendered":"http:\/\/www.ligavpg.com\/blog\/?page_id=3459"},"modified":"2019-05-25T13:57:42","modified_gmt":"2019-05-25T16:57:42","slug":"automobilismo-virtual","status":"publish","type":"page","link":"https:\/\/ligavpg.com\/blog\/iniciantes\/automobilismo-virtual\/","title":{"rendered":"Automobilismo Virtual"},"content":{"rendered":"<h3><span style=\"color: #000000;\"><img fetchpriority=\"high\" decoding=\"async\" class=\"aligncenter wp-image-3462 size-full\" title=\"Rubinho_simulador\" src=\"http:\/\/www.ligavpg.com\/blog\/wp-content\/uploads\/Rubinho_simulador.jpg\" alt=\"Automobilismo Virtual\" width=\"640\" height=\"480\" srcset=\"http:\/\/www.ligavpg.com\/blog\/wp-content\/uploads\/Rubinho_simulador.jpg 640w, http:\/\/www.ligavpg.com\/blog\/wp-content\/uploads\/Rubinho_simulador-300x225.jpg 300w, http:\/\/www.ligavpg.com\/blog\/wp-content\/uploads\/Rubinho_simulador-600x450.jpg 600w\" sizes=\"(max-width: 640px) 100vw, 640px\" \/><\/span><\/h3>\n<h3 style=\"text-align: center;\">O que \u00e9 Automobilismo Virtual?<\/h3>\n<p style=\"text-align: justify;\">Nascido da paix\u00e3o pelo automobilismo, ganhando for\u00e7a com o avan\u00e7o tecnol\u00f3gico e impulsionado pela necessidade dos pilotos reais praticarem antecipadamente nos circuitos que v\u00e3o enfrentar em seus campeonatos. O automobilismo virtual veio para ficar e num futuro pr\u00f3ximo, se tornar um esporte realmente reconhecido.<\/p>\n<p style=\"text-align: justify;\">No automobilismo virtual, uma pessoa comum, com pouco conhecimento t\u00e9cnico, pode se tornar um piloto virtual e disputar campeonatos <em>on-line<\/em> contra advers\u00e1rios espalhados pelo mundo inteiro e n\u00e3o \u00e9 raro, encontrar advers\u00e1rios famosos como Rubens Barrichello, Felipe Massa, Cac\u00e1 Bueno, Beto Monteiro entre outras estrelas nacionais, que nas suas horas vagas, buscam divertimento nos campeonatos organizados por ligas brasileiras. Em depoimento, muitos pilotos reais contam, que encontram nos simuladores a lacuna deixada nas categorias reais. Pois, atualmente, devido \u00e0 conten\u00e7\u00e3o de custos mundial, limitam os treinos das escuderias.\u00a0 Mas, com isso, os f\u00e3s dos pilotos reais agradecem as companhias ilustres.<\/p>\n<p style=\"text-align: justify;\">O automobilismo virtual conquista seu p\u00fablico por ser realmente emocionante, a tens\u00e3o da prepara\u00e7\u00e3o para cada corrida, o ronco dos motores, o clima criado antes, durante e depois. Tudo isso realmente contagia quem participa de um campeonato. O piloto virtual ainda tem a vantagem de n\u00e3o correr risco de vida como acontece numa categoria real. Mas, em se tratando das sensa\u00e7\u00f5es de um carro real nas pistas, os simuladores, volantes e cockpits vendidos no mercado traduzem muito bem o que \u00e9 estar dentro de um carro de corrida para a alegria de todos.<\/p>\n<p style=\"text-align: justify;\">A busca por simula\u00e7\u00e3o n\u00e3o vem de hoje, podemos definir uma data como sendo o pontap\u00e9 inicial, a partir de 1992, com o jogo <strong>F1 Grand Prix da MicroProse<\/strong>, primeiro de uma s\u00e9rie de jogos que buscaram simular o comportamento de um carro de corrida em detalhes, que muitos apaixonados come\u00e7aram a se reunir primeiramente em locais espec\u00edficos como casas de amigos entre outros, para disputar corridas em rede, mas, depois da chegada da internet banda larga e do avan\u00e7o tecnol\u00f3gico, as corridas virtuais se tornaram mais fortes.<\/p>\n<p style=\"text-align: justify;\">Hoje o AV, abrevia\u00e7\u00e3o para automobilismo virtual, conta com v\u00e1rias ligas organizadas que se espelham em regras e procedimentos reais. As mais tradicionais como, a <a title=\"Automobilismo Virtual, Emo\u00e7\u00e3o Real.\" href=\"http:\/\/www.ligavpg.com\" target=\"_blank\" rel=\"noopener noreferrer\">LigaVPG<\/a> que desde maio de 2006 organiza campeonatos, contam com estrutura com transmiss\u00f5es ao vivo, <em>on-line<\/em>, de suas corridas, sistema de gerenciamento de pilotos e corridas, servidores <em>on-line<\/em> 24 horas, site, f\u00f3rum, patrocinadores e colaboradores comprometidos em criar todo o clima real das competi\u00e7\u00f5es. Os entusiastas se dividem em campeonatos separados por n\u00edveis de experi\u00eancia e que aos poucos v\u00e3o evoluindo e subindo de categoria.<\/p>\n<p style=\"text-align: justify;\">Venha se juntar a Liga VPG e tornar-se um verdadeiro piloto virtual. Estamos sempre com inscri\u00e7\u00f5es abertas para novos interessados. Escolha uma categoria de acordo com sua experi\u00eancia nos simuladores: Light (iniciantes), Challenger (intermedi\u00e1rio), Open (intermedi\u00e1rio), Stock Car (intermedi\u00e1rio), Pr\u00f3 (avan\u00e7ado) e Endurance(avan\u00e7ado).<\/p>\n<p style=\"text-align: justify;\">Saiba como se tornar um <a title=\"Torne-se um piloto virtual\" href=\"http:\/\/www.ligavpg.com\/forum_vpg\/index.php\/topic,4234.0.html\" target=\"_blank\" rel=\"noopener noreferrer\">piloto virtual<\/a>.<\/p>\n<p style=\"text-align: justify;\"><strong>Informa\u00e7\u00f5es e Inscri\u00e7\u00f5es: <\/strong><\/p>\n<p style=\"text-align: justify;\">Liga VPG \u2013 <a title=\"Liga VPG - Automobilismo Virtual, Emo\u00e7\u00e3o Real\" href=\"http:\/\/www.ligavpg.com\" target=\"_blank\" rel=\"noopener noreferrer\">www.ligavpg.com<\/a><br \/>\nTwitter VPG: <a title=\"Twitter VPG\" href=\"http:\/\/twitter.com\/LigaVPG\" target=\"_blank\" rel=\"noopener noreferrer\">http:\/\/twitter.com\/LigaVPG<br \/>\n<\/a>Google Plus+:\u00a0<a title=\"Liga VPG Plus\" href=\"https:\/\/plus.google.com\/+Ligavpg\" target=\"_blank\" rel=\"noopener noreferrer\">https:\/\/plus.google.com\/+Ligavpg<\/a><\/p>\n<p style=\"text-align: justify;\"><strong>Patroc\u00ednio:<\/strong><br \/>\n&#8211; Dover-Roll &#8211; <a href=\"http:\/\/www.dover-roll.com.br\" target=\"_blank\" rel=\"noopener noreferrer\">www.dover-roll.com.br<\/a><br \/>\n&#8211; Infolink &#8211; <a href=\"http:\/\/www.infolink.com.br\/\" target=\"_blank\" rel=\"noopener noreferrer\">www.infolink.com.br<\/a><br \/>\n&#8211; UCI Cinemas &#8211; <a href=\"http:\/\/www.ucicinemas.com.br\" target=\"_blank\" rel=\"noopener noreferrer\">www.ucicinemas.com.br<\/a><\/p>\n<p style=\"text-align: center;\"><strong style=\"line-height: 1.5em;\">V\u00eddeo do Auto Esporte da Rede Globo:<\/strong><\/p>\n<p align=\"center\"><iframe src=\"http:\/\/www.youtube.com\/embed\/FS0hw-qGLDU\" width=\"588\" height=\"415\" frameborder=\"0\"><\/iframe><br \/>\n<img decoding=\"async\" class=\"alignnone size-full wp-image-3482\" title=\"Banner_Rodape_2012\" src=\"http:\/\/www.ligavpg.com\/blog\/wp-content\/uploads\/Banner_Rodape_2012.jpg\" alt=\"\" width=\"600\" height=\"157\" srcset=\"http:\/\/www.ligavpg.com\/blog\/wp-content\/uploads\/Banner_Rodape_2012.jpg 600w, http:\/\/www.ligavpg.com\/blog\/wp-content\/uploads\/Banner_Rodape_2012-300x78.jpg 300w\" sizes=\"(max-width: 600px) 100vw, 600px\" \/><\/p>\n","protected":false},"excerpt":{"rendered":"<p>O que \u00e9 Automobilismo Virtual? Nascido da paix\u00e3o pelo automobilismo, ganhando for\u00e7a com o avan\u00e7o tecnol\u00f3gico e impulsionado pela necessidade dos pilotos reais praticarem antecipadamente nos circuitos que v\u00e3o enfrentar em seus campeonatos. O automobilismo virtual veio para ficar e num futuro pr\u00f3ximo, se tornar um esporte realmente reconhecido. No automobilismo virtual, uma pessoa comum, [&hellip;]<\/p>\n","protected":false},"author":7,"featured_media":0,"parent":137,"menu_order":1,"comment_status":"open","ping_status":"open","template":"","meta":{"_monsterinsights_skip_tracking":false,"_monsterinsights_sitenote_active":false,"_monsterinsights_sitenote_note":"","_monsterinsights_sitenote_category":0,"footnotes":""},"class_list":["post-3459","page","type-page","status-publish","hentry"],"_links":{"self":[{"href":"https:\/\/ligavpg.com\/blog\/wp-json\/wp\/v2\/pages\/3459","targetHints":{"allow":["GET"]}}],"collection":[{"href":"https:\/\/ligavpg.com\/blog\/wp-json\/wp\/v2\/pages"}],"about":[{"href":"https:\/\/ligavpg.com\/blog\/wp-json\/wp\/v2\/types\/page"}],"author":[{"embeddable":true,"href":"https:\/\/ligavpg.com\/blog\/wp-json\/wp\/v2\/users\/7"}],"replies":[{"embeddable":true,"href":"https:\/\/ligavpg.com\/blog\/wp-json\/wp\/v2\/comments?post=3459"}],"version-history":[{"count":26,"href":"https:\/\/ligavpg.com\/blog\/wp-json\/wp\/v2\/pages\/3459\/revisions"}],"predecessor-version":[{"id":13730,"href":"https:\/\/ligavpg.com\/blog\/wp-json\/wp\/v2\/pages\/3459\/revisions\/13730"}],"up":[{"embeddable":true,"href":"https:\/\/ligavpg.com\/blog\/wp-json\/wp\/v2\/pages\/137"}],"wp:attachment":[{"href":"https:\/\/ligavpg.com\/blog\/wp-json\/wp\/v2\/media?parent=3459"}],"curies":[{"name":"wp","href":"https:\/\/api.w.org\/{rel}","templated":true}]}}