{"id":2,"date":"2009-12-20T19:29:18","date_gmt":"2009-12-20T19:29:18","guid":{"rendered":"http:\/\/www.ligavpg.com\/blog\/?page_id=2"},"modified":"2023-05-05T22:42:24","modified_gmt":"2023-05-06T01:42:24","slug":"sobre","status":"publish","type":"page","link":"https:\/\/ligavpg.com\/blog\/sobre\/","title":{"rendered":"Sobre a Liga VPG"},"content":{"rendered":"<p><img fetchpriority=\"high\" decoding=\"async\" class=\"alignnone wp-image-3495 size-full\" title=\"Banner_VPG_Flash\" src=\"http:\/\/www.ligavpg.com\/blog\/wp-content\/uploads\/Banner_VPG_Flash.jpg\" alt=\"\" width=\"800\" height=\"173\" srcset=\"http:\/\/www.ligavpg.com\/blog\/wp-content\/uploads\/Banner_VPG_Flash.jpg 715w, http:\/\/www.ligavpg.com\/blog\/wp-content\/uploads\/Banner_VPG_Flash-300x65.jpg 300w\" sizes=\"(max-width: 800px) 100vw, 800px\" \/><\/p>\n<p><span style=\"font-size: 14pt;\"><strong>Liga VPG &#8211; Liga Virtual Pilots Group<\/strong><\/span><\/p>\n<p style=\"text-align: justify;\">Liga de automobilismo virtual fundada em maio de 2006. \u00c9poca em que muitos brasileiros se reuniam por afinidade nos servidores do simulador TRD3 da Codemaster. Grandes amizades se formaram, surgindo um interesse comum em termos algo nosso, de criarmos uma comunidade, de formarmos uma liga. A id\u00e9ia se tornou realidade e hoje a Liga VPG caminha para seu d\u00e9cimo quinto ano de exist\u00eancia. Reconhecida no meio virtual como uma das mais antigas e tradicionais, sendo refer\u00eancia por sua grande experi\u00eancia na realiza\u00e7\u00e3o de diversos campeonatos nacionais e eventos internacionais. Contamos hoje com mais de 1700 membros entre foristas e pilotos virtuais, brasileiros e de outras nacionalidades.<\/p>\n<p style=\"text-align: justify;\"><strong>Automobilismo Virtual, Emo\u00e7\u00e3o real.<\/strong><\/p>\n<p><a title=\"F\u00f3rum da Liga VPG\" href=\"http:\/\/ligavpg.com\/forum_vpg\/\">Sinta-se convidado a conhecer nossa liga e mergulhar neste universo das corridas virtuais.<\/a><\/p>\n<p>Abaixo temos nossa atual equipe de administradores e colaboradores.<\/p>\n<p><strong>Administra\u00e7\u00e3o<\/strong><\/p>\n<ul>\n<li>Adriano Maximiano<\/li>\n<li>C\u00e9sar Bergesch<\/li>\n<\/ul>\n<p><strong>Coordena\u00e7\u00e3o<\/strong><\/p>\n<ul>\n<li>Chico Ingl\u00eas<\/li>\n<li>Ricardo Soeiro<\/li>\n<\/ul>\n<p><strong>Colabora\u00e7\u00e3o<\/strong><\/p>\n<ul>\n<li>Marcello Menescal<\/li>\n<li>L\u00e9o Sampaio<\/li>\n<\/ul>\n<p><strong>Apoio<\/strong><\/p>\n<ul>\n<li><a href=\"http:\/\/www.dover-roll.com.br\/\" target=\"_blank\" rel=\"noopener noreferrer\">Dover-Roll<\/a><\/li>\n<li><a href=\"https:\/\/www.ucicinemas.com.br\/\" target=\"_blank\" rel=\"noopener noreferrer\">UCI Cinemas<\/a><\/li>\n<\/ul>\n<p><strong>Contato: direcao@ligavpg.com <\/strong><\/p>\n","protected":false},"excerpt":{"rendered":"<p>Liga VPG &#8211; Liga Virtual Pilots Group Liga de automobilismo virtual fundada em maio de 2006. \u00c9poca em que muitos brasileiros se reuniam por afinidade nos servidores do simulador TRD3 da Codemaster. Grandes amizades se formaram, surgindo um interesse comum em termos algo nosso, de criarmos uma comunidade, de formarmos uma liga. A id\u00e9ia se [&hellip;]<\/p>\n","protected":false},"author":1,"featured_media":0,"parent":0,"menu_order":1,"comment_status":"closed","ping_status":"open","template":"","meta":{"_monsterinsights_skip_tracking":false,"_monsterinsights_sitenote_active":false,"_monsterinsights_sitenote_note":"","_monsterinsights_sitenote_category":0,"footnotes":""},"class_list":["post-2","page","type-page","status-publish","hentry"],"_links":{"self":[{"href":"https:\/\/ligavpg.com\/blog\/wp-json\/wp\/v2\/pages\/2","targetHints":{"allow":["GET"]}}],"collection":[{"href":"https:\/\/ligavpg.com\/blog\/wp-json\/wp\/v2\/pages"}],"about":[{"href":"https:\/\/ligavpg.com\/blog\/wp-json\/wp\/v2\/types\/page"}],"author":[{"embeddable":true,"href":"https:\/\/ligavpg.com\/blog\/wp-json\/wp\/v2\/users\/1"}],"replies":[{"embeddable":true,"href":"https:\/\/ligavpg.com\/blog\/wp-json\/wp\/v2\/comments?post=2"}],"version-history":[{"count":45,"href":"https:\/\/ligavpg.com\/blog\/wp-json\/wp\/v2\/pages\/2\/revisions"}],"predecessor-version":[{"id":16209,"href":"https:\/\/ligavpg.com\/blog\/wp-json\/wp\/v2\/pages\/2\/revisions\/16209"}],"wp:attachment":[{"href":"https:\/\/ligavpg.com\/blog\/wp-json\/wp\/v2\/media?parent=2"}],"curies":[{"name":"wp","href":"https:\/\/api.w.org\/{rel}","templated":true}]}}