{"id":171,"date":"2010-01-13T00:18:44","date_gmt":"2010-01-13T03:18:44","guid":{"rendered":"http:\/\/www.ligavpg.com\/blog\/?page_id=171"},"modified":"2020-11-26T15:47:43","modified_gmt":"2020-11-26T18:47:43","slug":"eusebio","status":"publish","type":"page","link":"https:\/\/ligavpg.com\/blog\/garagem\/eusebio\/","title":{"rendered":"Aut\u00f3dromo Virg\u00edlio T\u00e1vora &#8211; Eus\u00e9bio\/CE"},"content":{"rendered":"<table cellspacing=\"0\" cellpadding=\"0\" bgcolor=\"#000000\">\n<tbody>\n<tr>\n<td>\n<h4 class=\"style5\"><strong><span style=\"font-family: arial, helvetica, sans-serif;\">Aut\u00f3dromo Internacional Virg\u00edlio T\u00e1vora<\/span><\/strong><\/h4>\n<h5><strong><span style=\"font-family: arial, helvetica, sans-serif;\"><span class=\"style9\">Eus\u00e9bio &#8211; Cear\u00e1 &#8211; Brasil <\/span><\/span><\/strong><\/h5>\n<\/td>\n<\/tr>\n<tr>\n<td colspan=\"2\" valign=\"top\" height=\"24\"><strong><span class=\"news_texto\" style=\"font-family: arial, helvetica, sans-serif;\">Cria\u00e7\u00e3o:Alexandre Carvalho(bigcarva)<br \/>\nApoio e Desenvolvimento: Adriano Max(Amax)<br \/>\nConvers\u00e3o para GTR2 e Race07: Jos\u00e9 Uch\u00f4a <\/span><\/strong><\/td>\n<\/tr>\n<tr>\n<td colspan=\"2\" valign=\"top\" height=\"24\"><strong><span style=\"font-family: arial, helvetica, sans-serif;\"> Convers\u00e3o do aut\u00f3dromo para o Automobilismo Virtual: Download da pista para o simulador rFactor: <a href=\"https:\/\/mega.nz\/file\/wpNE3SYI#E9p7LIdIJ3X6hLVArZEFze4wh6Fgjeyn3kgB_3SwrCg\">&lt;Clique aqui&gt;<\/a><\/span><\/strong><\/td>\n<\/tr>\n<tr>\n<td><strong><img fetchpriority=\"high\" decoding=\"async\" class=\"aligncenter\" src=\"http:\/\/www.ligavpg.com\/images\/outros\/eusebio\/Eusebio.jpg\" alt=\"\" width=\"599\" height=\"374\" \/><\/strong><\/td>\n<\/tr>\n<tr>\n<td colspan=\"2\" valign=\"top\" height=\"24\"><strong><span class=\"style5\">Dados T\u00e9cnicos<\/span><\/strong><\/td>\n<\/tr>\n<tr>\n<td colspan=\"2\" valign=\"top\" height=\"24\">\n<pre><strong>Extens\u00e3o da pista: 3.000 metros\r\nVelocidade m\u00e9dia: 140 kms\r\nNomes das curvas: Desespero, Fernando Ary, Entrada do miolo, 90 graus, Sol, \u201cS\u201d e Dirce.\r\nQuantidade de boxes: 40\r\nTamanho dos boxes: 72 metros quadrados\r\nAltura de cada boxe: 3 metros\r\nQuantidade de paddocks: 4\u00a0com capacidade para 800 pessoas.\r\nRestaurante: 360 metros quadrados\r\nArquibancada interna: 1.500 pessoas\r\nArquibancada externa: 4.000 pessoas\r\nEstacionamento interno: 120 carros\r\nEstacionamento externo:\u00a0300 carros\r\n\r\nDemais instala\u00e7\u00f5es: \r\n\r\nTorre de cronometragem com tr\u00eas andares\r\n Secretaria de prova\r\n P\u00f3dio\r\n Sala de imprensa\r\n Sala de dire\u00e7\u00e3o de prova\r\n Sala de comiss\u00e1rios\r\n Posto para abastecimento\r\n Parque fechado para vistoria\r\nProvas e competi\u00e7\u00f5es j\u00e1 realizadas:\r\nGrande Pr\u00eamio Ministro M\u00e1rio Andreazza\r\n 6 horas do Cear\u00e1\r\n 3 Horas do Cear\u00e1\r\n Arrancada\r\n CTM2000\r\n Endurance\r\n F\u00f3rmula 3\r\n F\u00f3rmula Ford\r\n F\u00f3rmula Truck\r\n F\u00f3rmula V1.8\r\n Motovelocidade\r\n Pick-up racing\r\n Stock Car\r\n Super Turismo\r\n Turismo<\/strong><\/pre>\n<\/td>\n<\/tr>\n<tr>\n<td><strong><img decoding=\"async\" class=\"aligncenter\" src=\"http:\/\/www.ligavpg.com\/images\/eusebio_circuito.gif\" alt=\"\" width=\"300\" height=\"331\" \/><\/strong><\/td>\n<\/tr>\n<tr>\n<td>\n<p style=\"text-align: center;\"><strong>VOLTA RAPIDA REAL\u00a0<\/strong><\/p>\n<p><iframe title=\"Uma Volta no Aut\u00f3dromo Virg\u00edlio T\u00e1vora.\" width=\"600\" height=\"338\" src=\"https:\/\/www.youtube.com\/embed\/KPXhbbZuPHk?feature=oembed\" frameborder=\"0\" allow=\"accelerometer; autoplay; clipboard-write; encrypted-media; gyroscope; picture-in-picture; web-share\" referrerpolicy=\"strict-origin-when-cross-origin\" allowfullscreen><\/iframe><\/p>\n<p><strong>Uma volta virtual no Aut\u00f3dromo Virg\u00edlio T\u00e1vora<\/strong><\/p>\n<p><iframe title=\"Aut\u00f3dromo Virg\u00edlio T\u00e1vora - Eus\u00e9bio - Cear\u00e1 - Brasil\" width=\"600\" height=\"450\" src=\"https:\/\/www.youtube.com\/embed\/v-8tsrGc8sg?feature=oembed\" frameborder=\"0\" allow=\"accelerometer; autoplay; clipboard-write; encrypted-media; gyroscope; picture-in-picture; web-share\" referrerpolicy=\"strict-origin-when-cross-origin\" allowfullscreen><\/iframe><\/p>\n<p style=\"text-align: center;\"><strong>REPORTAGEM ESPN<\/strong><\/p>\n<p style=\"text-align: center;\">[flashvideo file=http:\/\/www.ligavpg.com\/images\/outros\/eusebio\/eusebio2009espn.flv \/]\n<p style=\"text-align: center;\"><strong>REPLAY DA TRANSMISS\u00c3O DA CORRIDA DE LAN\u00c7AMENTO NA RACE BRASIL <\/strong><strong>(CATEGORIA LIGHT):<\/strong><\/p>\n<p><object style=\"width: 500px; height: 300px;\" width=\"500\" height=\"300\" classid=\"clsid:6bf52a52-394a-11d3-b153-00c04f79faa6\" codebase=\"http:\/\/activex.microsoft.com\/activex\/controls\/mplayer\/en\/nsmp2inf.cab#Version=5,1,52,701\"><param name=\"autostart\" value=\"false\" \/><param name=\"url\" value=\"http:\/\/www.racebrasil.com.br\/videos\/vpg-light06_26-08-09.wmv#\/VPG_Light_6_Etapa_T02_09_vpg_light06_26_08_09.wmv\" \/><param name=\"url\" value=\"http:\/\/www.racebrasil.com.br\/videos\/vpg-light06_26-08-09.wmv#\/VPG_Light_6_Etapa_T02_09_vpg_light06_26_08_09.wmv\" \/><embed style=\"width: 500px; height: 300px;\" width=\"500\" height=\"300\" type=\"application\/x-mplayer2\" src=\"http:\/\/www.racebrasil.com.br\/videos\/vpg-light06_26-08-09.wmv#\/VPG_Light_6_Etapa_T02_09_vpg_light06_26_08_09.wmv\" autostart=\"False\" url=\"http:\/\/www.racebrasil.com.br\/videos\/vpg-light06_26-08-09.wmv#\/VPG_Light_6_Etapa_T02_09_vpg_light06_26_08_09.wmv\" \/><\/object><\/p>\n<p style=\"text-align: center;\"><strong>REPLAY <\/strong><strong>DA TRANSMISS\u00c3O <\/strong><strong>DA CORRIDA DE LAN\u00c7AMENTO NA GRIDTV (CATEGORIA PRO): <\/strong><\/p>\n<p style=\"text-align: center;\"><object style=\"width: 500px; height: 250px;\" width=\"500\" height=\"250\" classid=\"clsid:6bf52a52-394a-11d3-b153-00c04f79faa6\" codebase=\"http:\/\/activex.microsoft.com\/activex\/controls\/mplayer\/en\/nsmp2inf.cab#Version=5,1,52,701\"><param name=\"autostart\" value=\"false\" \/><param name=\"url\" value=\"http:\/\/www.gridtv.com.br\/vts\/vpg\/24082009_vpg_pro_eusebio.wmv\" \/><param name=\"url\" value=\"http:\/\/www.gridtv.com.br\/vts\/vpg\/24082009_vpg_pro_eusebio.wmv\" \/><embed style=\"width: 500px; height: 250px;\" width=\"500\" height=\"250\" type=\"application\/x-mplayer2\" src=\"http:\/\/www.gridtv.com.br\/vts\/vpg\/24082009_vpg_pro_eusebio.wmv\" autostart=\"False\" url=\"http:\/\/www.gridtv.com.br\/vts\/vpg\/24082009_vpg_pro_eusebio.wmv\" \/><\/object><\/p>\n<\/td>\n<\/tr>\n<tr>\n<td><img decoding=\"async\" class=\"aligncenter\" src=\"http:\/\/www.ligavpg.com\/images\/outros\/eusebio\/Eusebio%20%2817%29.jpg\" alt=\"\" width=\"600\" height=\"402\" border=\"0\" \/><\/p>\n<p align=\"justify\"><strong>UM POUCO DA HIST\u00d3RIA DO AUT\u00d3DROMO<\/strong>O Aut\u00f3dromo Internacional Virg\u00edlio T\u00e1vora foi inaugurado em 12 de janeiro de 1969, com o Grande Pr\u00eamio Ministro M\u00e1rio Andreazza. O vencedor da prova inaugural, ap\u00f3s 65 voltas, foi o piloto da Bahia, \u201cLulu Geladeira\u201d, com um Puma espartano. Grandes nomes do automobilismo j\u00e1 competiram na pista do Eus\u00e9bio como Emerson Fittipaldi e Nelson Piquet, respectivamente, bicampe\u00e3o e tricampe\u00e3o de F\u00f3rmula Um.Em 1997, o aut\u00f3dromo passou por uma grande reforma, garantida por conv\u00eanio de coopera\u00e7\u00e3o t\u00e9cnica assinado entre a Secretaria do Turismo do Estado, a Petrobr\u00e1s e a Federa\u00e7\u00e3o Cearense de Automobilismo. A reabertura aconteceu em 30 de novembro de 1997 com a realiza\u00e7\u00e3o da prova Seis Horas do Cear\u00e1. Com 237 voltas, a dupla Nelson Piquet\/Ruyter Pacheco, do Distrito Federal, com um BMW, venceu a competi\u00e7\u00e3o.<\/p>\n<p align=\"justify\"><strong> COMO SURGIU O AUT\u00d3DROMO VIRGILIO T\u00c1VORA: <\/strong> Sob a tutela de Jos\u00e9 Queiroz, foram realizadas duas corridas na Av. Ant\u00f4nio Justa, no trecho que vai do Iate Clube at\u00e9 a rua Osvaldo Cruz, circuito em cujas extremidades faziam-se curvas de 180 graus. Da\u00ed, com a participa\u00e7\u00e3o do Autom\u00f3vel Clube do Cear\u00e1 (sendo presidente o Dr. Luiz Queiroz), Jos\u00e9 Queiroz \u201cdescobriu\u201d a pista do Pici (antiga base a\u00e9rea do tempo da guerra), onde, religiosamente, todo final de ano, era realizada uma corrida.Mesmo ap\u00f3s a morte prematura de Jos\u00e9 Queiroz, estava implantada a semente irrevers\u00edvel deste esporte, que, \u00e0 \u00e9poca, contava com pilotos do porte de Armando Barbosa, Ant\u00f4nio Cirino, C\u00e9sar Figueiredo, Jo\u00e3o Quevedo, Nen\u00e9m Pimentel e Valmira (\u00fanica mulher), dentre outros.A cada corrida o p\u00fablico aumentava, tornando perigosa a pista. Preocupado com a situa\u00e7\u00e3o, o Autom\u00f3vel Clube, em reuni\u00e3o com os pilotos, estabeleceu tr\u00eas a\u00e7\u00f5es: 1. Recapear a pista e construir um lance de arquibancada; 2. Conseguir patroc\u00ednio para colocar cercas de prote\u00e7\u00e3o entre a pista e o p\u00fablico; 3. Conseguir permiss\u00e3o do DNOCS (supostamente propriet\u00e1rio do terreno) a fim de que se pudesse ter o m\u00ednimo de condi\u00e7\u00f5es para a pr\u00e1tica do esporte.<\/p>\n<p style=\"text-align: justify;\">As duas primeiras etapas foram conseguidas, mais a terceira n\u00e3o foi realizada, tendo o DNOCS se negado a assinar tal compromisso, alegando n\u00e3o ser propriet\u00e1rio do terreno.<\/p>\n<p style=\"text-align: justify;\">Diante do impasse burocr\u00e1tico de n\u00e3o saber quem era o verdadeiro propriet\u00e1rio do terreno, para tornar poss\u00edvel a continua\u00e7\u00e3o do esporte, o ent\u00e3o presidente do Autom\u00f3vel Clube, Dr. Luis Campos, foi at\u00e9 a Confedera\u00e7\u00e3o de Automobilismo e, em sua volta, trouxe not\u00edcias de que seria imposs\u00edvel e invi\u00e1vel a constru\u00e7\u00e3o de um aut\u00f3dromo no Cear\u00e1, por causa do valor da constru\u00e7\u00e3o.<\/p>\n<p style=\"text-align: justify;\">Fez-se nova reuni\u00e3o entre os pilotos, que n\u00e3o haviam perdido as esperan\u00e7as de construir um aut\u00f3dromo, ante a promessa do prefeito de asfaltar a pista e fornecer um lance de arquibancadas. Faltava apenas o terreno, que logo depois os pilotos conseguiram comprar da fam\u00edlia de Raul S\u00e1, com 33 hectares, localizado no munic\u00edpio do Eus\u00e9bio, onde est\u00e1 hoje sediado o Aut\u00f3dromo Internacional Virg\u00edlio T\u00e1vora.<\/p>\n<p style=\"text-align: justify;\">Achava-se que tudo estava certo, mas n\u00e3o foi bem assim, pois, ap\u00f3s a compra do terreno, o prefeito de Fortaleza comunicou que n\u00e3o poderia cumprir a promessa que fizera, j\u00e1 que o terreno se encontrava na comarca do Eus\u00e9bio, fora, portanto do Munic\u00edpio de Fortaleza.<\/p>\n<p style=\"text-align: justify;\">Mais uma vez os pilotos n\u00e3o se abateram, e, com o apoio de Manoel Franklim de Castro Gondim, criou-se uma comiss\u00e3o de pilotos para falar com o estadista Virg\u00edlio T\u00e1vora em sua casa. Ap\u00f3s relatar a situa\u00e7\u00e3o a Virg\u00edlio T\u00e1vora, este pegou o telefone e ligou para o ent\u00e3o ministro M\u00e1rio Andreazza, com os seguintes dizeres: \u201cM\u00e1rio, quero que voc\u00ea autorize o Am\u00edlcar a mandar fazer o asfalto do aut\u00f3dromo da mo\u00e7ada que acaba de invadir minha casa.\u201d Tendo como resposta do ministro o seguinte: \u201cuma solicita\u00e7\u00e3o sua \u00e9 uma ordem\u201d, tendo sido autorizado de imediato o asfaltamento da pista.<\/p>\n<p style=\"text-align: justify;\" align=\"justify\">O ent\u00e3o diretor do DNER, Am\u00edlcar, irm\u00e3o de Virg\u00edlio, recebeu uma comitiva de apenas duas pessoas para concretizar o pedido, pois, conforme foi dito por Virg\u00edlio, era bom irem apenas duas pessoas, porque seu irm\u00e3o era meio brabo.<\/p>\n<p style=\"text-align: justify;\">Em poucos dias as m\u00e1quinas estavam l\u00e1. Mas surgiu novo impasse. \u00c9 que o Dr. Am\u00edlcar comunicou que n\u00e3o havia verba para pagar o asfalto \u00e0 Petrobras, fazendo com que os pilotos corressem atr\u00e1s dos recursos. Acontece que a compra do terreno j\u00e1 tinha sido bastante pesado para as posses dos pilotos, pois a toda a hora apareciam despesas indispens\u00e1veis e inadi\u00e1veis.<\/p>\n<p style=\"text-align: justify;\">Diante disso, o Dr. Jo\u00e3o Quevedo foi bater \u00e0 porta do Secret\u00e1rio de Planejamento do Governo Pl\u00e1cido Castelo, Dr. Marcelo de Caracas Linhares, cunhado do Dr. \u00c9dson Ventura, que prontamente liberou uma verba bastante oportuna, pois serviu para pagamento do \u00f3leo diesel e extraordin\u00e1rios aos funcion\u00e1rios das m\u00e1quinas, que permaneciam trabalhando at\u00e9 10(dez) horas da noite.<\/p>\n<p style=\"text-align: justify;\">O trabalho era conjunto, pois, ao mesmo tempo, um enorme grupo de dirigentes do automobilismo colaborava trabalhando em outros setores, como o saudoso Est\u00e1cio Br\u00edgido, que buscava patrocinadores para propagandas nas paredes que faziam a frente do aut\u00f3dromo; como o Dr. Jos\u00e9 Ribamar da Silva, ex-presidente da Federa\u00e7\u00e3o, que transportava, de Pacajus, trabalhadores que constru\u00edam as arquibancadas; como Lindolfo, Sebasti\u00e3o Pessoa (irm\u00e3o de Miguel Bang Bang), que dirigia um caminh\u00e3o usado (comprado pelos pilotos) para dar apoio no que fosse necess\u00e1rio; como Humberto Brasil, que carregava em seu carro tambores de \u00f3leo diesel, de Fortaleza at\u00e9 a obra, para abastecer as m\u00e1quinas que trabalhavam fora do hor\u00e1rio; como Ronald Pedrosa, tamb\u00e9m ex-presidente, que se encarregara de destruir com explosivos um obst\u00e1culo, local em que a Shell patrocinou um viaduto, situado no final da reta principal.<\/p>\n<p style=\"text-align: justify;\">Com toda essa mobiliza\u00e7\u00e3o, conseguiu-se, em quatro meses, disponibilizar o aut\u00f3dromo para a sua inaugura\u00e7\u00e3o, que aconteceu em 1969. Nessa obra, todos os colaboradores ligados ao automobilismo nada percebiam; pelo contr\u00e1rio, tudo o que faziam sa\u00eda de seus pr\u00f3prios bolsos.<\/p>\n<p align=\"justify\"><img loading=\"lazy\" decoding=\"async\" class=\"aligncenter\" src=\"http:\/\/www.superturismo.com.br\/coberturas\/23%2D11%2D08\/parte%5F1\/fotos\/fotos%20%28177%29.jpg\" alt=\"\" width=\"600\" height=\"400\" border=\"0\" \/><\/p>\n<p align=\"justify\"><strong>INAUGURA\u00c7\u00c3O DO AUT\u00d3DROMO<\/strong> Como n\u00e3o podia deixar de ser, foi uma festa de arromba, o ent\u00e3o ministro M\u00e1rio Andreazza veio pessoalmente para a sua inaugura\u00e7\u00e3o, estando presente o estadista Virg\u00edlio T\u00e1vora, o governador Pl\u00e1cido Castelo, o general \u00c9lery, o prefeito de Fortaleza, Sr. Jos\u00e9 Valter Cavalcante, Am\u00edlcar T\u00e1vora, diretor-geral do DNER, o prefeito do munic\u00edpio do Euz\u00e9bio e outras autoridades de nosso Estado.<\/p>\n<p>A imprensa nacional se fez presente, com Jos\u00e9 Lago, Jos\u00e9 Carlos Seco, tendo cabido \u00e0 empresa de Luiz Severiano Ribeiro a incumb\u00eancia de divulgar o evento para o resto do Pa\u00eds.<\/p>\n<p align=\"justify\"><img loading=\"lazy\" decoding=\"async\" class=\"aligncenter\" src=\"http:\/\/www.superturismo.com.br\/coberturas\/20%2D07%2D08\/parte%5F1\/fotos\/fotos%20%282%29.jpg\" alt=\"\" width=\"600\" height=\"400\" border=\"0\" \/><\/p>\n<p align=\"justify\"><strong>REPERCUSS\u00c3O DA INAUGURA\u00c7\u00c3O<\/strong> Os hot\u00e9is de Fortaleza lotaram, verificando-se que muita gente era amante do esporte, tendo vindo muitas pessoas de outros estados, as quais n\u00e3o acreditavam ser poss\u00edvel tal realiza\u00e7\u00e3o, pois pensavam ser o Estado do Cear\u00e1 uma terra seca de imenso atraso, a tal ponto que houve at\u00e9 pessoas que trouxeram \u00e1gua para beber, pois tinham certeza de que aqui s\u00f3 havia seca e cobras passeando pelas ruas.<\/p>\n<p>A inaugura\u00e7\u00e3o do Aut\u00f3dromo Virg\u00edlio T\u00e1vora trouxe para o Estado do Cear\u00e1 investimentos de car\u00e1ter tur\u00edstico e industrial, atraindo investidores para o nosso Estado.<\/p>\n<p><iframe title=\"Aut\u00f3dromo do Eus\u00e9bio 2019\" width=\"600\" height=\"338\" src=\"https:\/\/www.youtube.com\/embed\/z437zJoWAjo?feature=oembed\" frameborder=\"0\" allow=\"accelerometer; autoplay; clipboard-write; encrypted-media; gyroscope; picture-in-picture; web-share\" referrerpolicy=\"strict-origin-when-cross-origin\" allowfullscreen><\/iframe><\/p>\n<p align=\"justify\"><img loading=\"lazy\" decoding=\"async\" class=\"aligncenter\" src=\"http:\/\/www.superturismo.com.br\/coberturas\/27-05-07\/fotos\/fotos%20%2831%29.jpg\" alt=\"\" width=\"600\" height=\"400\" border=\"0\" \/><\/p>\n<p><img loading=\"lazy\" decoding=\"async\" class=\"aligncenter\" src=\"http:\/\/www.superturismo.com.br\/coberturas\/23%2D11%2D08\/parte%5F1\/fotos\/fotos%20%28110%29.jpg\" alt=\"\" width=\"600\" height=\"402\" border=\"0\" \/> <img loading=\"lazy\" decoding=\"async\" class=\"aligncenter\" src=\"http:\/\/www.ligavpg.com\/images\/outros\/eusebio\/Eusebio%20%2815%29.jpg\" alt=\"\" width=\"600\" height=\"402\" border=\"0\" \/> <img loading=\"lazy\" decoding=\"async\" class=\"aligncenter\" src=\"http:\/\/www.ligavpg.com\/images\/outros\/eusebio\/Eusebio%20%284%29.jpg\" alt=\"\" width=\"600\" height=\"402\" border=\"0\" \/> <img loading=\"lazy\" decoding=\"async\" class=\"aligncenter\" src=\"http:\/\/www.ligavpg.com\/images\/outros\/eusebio\/Eusebio%20%285%29.jpg\" alt=\"\" width=\"600\" height=\"402\" border=\"0\" \/> <img loading=\"lazy\" decoding=\"async\" class=\"aligncenter\" src=\"http:\/\/www.ligavpg.com\/images\/outros\/eusebio\/Eusebio%20%282%29.jpg\" alt=\"\" width=\"600\" height=\"402\" border=\"0\" \/> <img loading=\"lazy\" decoding=\"async\" class=\"aligncenter\" src=\"http:\/\/www.ligavpg.com\/images\/outros\/eusebio\/Eusebio%20%289%29.jpg\" alt=\"\" width=\"600\" height=\"402\" border=\"0\" \/> <img loading=\"lazy\" decoding=\"async\" class=\"aligncenter\" src=\"http:\/\/www.ligavpg.com\/images\/outros\/eusebio\/Eusebio%20%283%29.jpg\" alt=\"\" width=\"600\" height=\"402\" border=\"0\" \/> <img loading=\"lazy\" decoding=\"async\" class=\"aligncenter\" src=\"http:\/\/www.ligavpg.com\/images\/outros\/eusebio\/Eusebio13_600x402.jpg\" alt=\"\" width=\"600\" height=\"402\" border=\"0\" \/><\/td>\n<\/tr>\n<\/tbody>\n<\/table>\n<p>&nbsp;<\/p>\n<p>&nbsp;<\/p>\n","protected":false},"excerpt":{"rendered":"<p>Aut\u00f3dromo Internacional Virg\u00edlio T\u00e1vora Eus\u00e9bio &#8211; Cear\u00e1 &#8211; Brasil Cria\u00e7\u00e3o:Alexandre Carvalho(bigcarva) Apoio e Desenvolvimento: Adriano Max(Amax) Convers\u00e3o para GTR2 e Race07: Jos\u00e9 Uch\u00f4a Convers\u00e3o do aut\u00f3dromo para o Automobilismo Virtual: Download da pista para o simulador rFactor: &lt;Clique aqui&gt; Dados T\u00e9cnicos Extens\u00e3o da pista: 3.000 metros Velocidade m\u00e9dia: 140 kms Nomes das curvas: Desespero, Fernando [&hellip;]<\/p>\n","protected":false},"author":1,"featured_media":0,"parent":159,"menu_order":7,"comment_status":"closed","ping_status":"open","template":"","meta":{"_monsterinsights_skip_tracking":false,"_monsterinsights_sitenote_active":false,"_monsterinsights_sitenote_note":"","_monsterinsights_sitenote_category":0,"footnotes":""},"class_list":["post-171","page","type-page","status-publish","hentry"],"_links":{"self":[{"href":"https:\/\/ligavpg.com\/blog\/wp-json\/wp\/v2\/pages\/171","targetHints":{"allow":["GET"]}}],"collection":[{"href":"https:\/\/ligavpg.com\/blog\/wp-json\/wp\/v2\/pages"}],"about":[{"href":"https:\/\/ligavpg.com\/blog\/wp-json\/wp\/v2\/types\/page"}],"author":[{"embeddable":true,"href":"https:\/\/ligavpg.com\/blog\/wp-json\/wp\/v2\/users\/1"}],"replies":[{"embeddable":true,"href":"https:\/\/ligavpg.com\/blog\/wp-json\/wp\/v2\/comments?post=171"}],"version-history":[{"count":87,"href":"https:\/\/ligavpg.com\/blog\/wp-json\/wp\/v2\/pages\/171\/revisions"}],"predecessor-version":[{"id":14819,"href":"https:\/\/ligavpg.com\/blog\/wp-json\/wp\/v2\/pages\/171\/revisions\/14819"}],"up":[{"embeddable":true,"href":"https:\/\/ligavpg.com\/blog\/wp-json\/wp\/v2\/pages\/159"}],"wp:attachment":[{"href":"https:\/\/ligavpg.com\/blog\/wp-json\/wp\/v2\/media?parent=171"}],"curies":[{"name":"wp","href":"https:\/\/api.w.org\/{rel}","templated":true}]}}