{"id":16218,"date":"2023-06-04T15:01:55","date_gmt":"2023-06-04T18:01:55","guid":{"rendered":"https:\/\/www.ligavpg.com\/blog\/?page_id=16218"},"modified":"2025-08-01T17:15:39","modified_gmt":"2025-08-01T20:15:39","slug":"tabela-de-numeracao-liga-vpg","status":"publish","type":"page","link":"https:\/\/ligavpg.com\/blog\/tabela-de-numeracao-liga-vpg\/","title":{"rendered":"Tabela de Numera\u00e7\u00e3o &#8211; Liga VPG"},"content":{"rendered":"<p><b>Caros pilotos,<\/b><\/p>\n<div>\n<div>\n<div>\n<div>\n<div>\n<p>Queremos manter tudo organizado e garantir que cada um tenha o seu n\u00famero preferido nos campeonatos da Liga. Por favor, escolha o seu n\u00famero abaixo e responda no formul\u00e1rio: <a href=\"https:\/\/forms.gle\/nt2vQ9G3v5iAqE68A\" target=\"_blank\" rel=\"noopener\">https:\/\/forms.gle\/nt2vQ9G3v5iAqE68A<\/a><\/p>\n<p><b>Instru\u00e7\u00f5es:<\/b><\/p>\n<ul>\n<li><span style=\"color: #ffcc00;\">Mantenha esse n\u00famero em todos os campeonatos da Liga.<\/span><\/li>\n<li><span style=\"color: #ffcc00;\">Caso deseje escolher outro n\u00famero, solicite atrav\u00e9s deste formul\u00e1rio.<\/span><\/li>\n<li><span style=\"color: #ffcc00;\">Aceitamos numera\u00e7\u00e3o abaixo de 400.<\/span><\/li>\n<\/ul>\n<p>Al\u00e9m disso, gostar\u00edamos de solicitar aos novos pilotos que adotem a seguinte formata\u00e7\u00e3o em seus perfis do simulador:<\/p>\n<ul>\n<li><span style=\"color: #ffcc00;\"><b>Op\u00e7\u00e3o 1: <\/b>Nome e Sobrenome: Exemplo: Jonas Carvalho<\/span><\/li>\n<li><span style=\"color: #ffcc00;\"><b>Op\u00e7\u00e3o 2: <\/b>Nome e apelido: Exemplo: Junior Pipoca<\/span><\/li>\n<\/ul>\n<p>Essas medidas visam demonstrar profissionalismo, agilizar a transmiss\u00e3o e garantir uma experi\u00eancia mais flu\u00edda para todos os participantes.<\/p>\n<p>Lembramos tamb\u00e9m que pilotos ausentes por mais de duas temporadas perder\u00e3o o n\u00famero reservado.<\/p>\n<p>Agradecemos a compreens\u00e3o e contamos com a colabora\u00e7\u00e3o de todos!<\/p>\n<p>Atenciosamente,<\/p>\n<p><b>Administra\u00e7\u00e3o da Liga VPG<\/b><\/p>\n<\/div>\n<\/div>\n<div>\n<div>\n<div><\/div>\n<\/div>\n<\/div>\n<\/div>\n<\/div>\n<\/div>\n<hr \/>\n<p>&nbsp;<\/p>\n<p><strong>Indique seu n\u00famero no formul\u00e1rio: <a href=\"https:\/\/forms.gle\/nt2vQ9G3v5iAqE68A\" target=\"_blank\" rel=\"noopener\">https:\/\/forms.gle\/nt2vQ9G3v5iAqE68A<\/a><\/strong><\/p>\n<blockquote><p><strong>00 &#8211; Carro Padr\u00e3o (n\u00e3o pode ser escolhido)<\/strong><br \/>\n01 &#8211; O campe\u00e3o usa opcionalmente<br \/>\n02 &#8211; Layrton Bar\u00e3o<br \/>\n03 &#8211; <span data-sheets-value=\"{&quot;1&quot;:2,&quot;2&quot;:&quot;Rodrigo Cascaes&quot;}\" data-sheets-userformat=\"{&quot;2&quot;:513,&quot;3&quot;:{&quot;1&quot;:0},&quot;12&quot;:0}\">Rodrigo Cascaes<\/span><br \/>\n04 &#8211; Felipe Bergesch<br \/>\n05 &#8211; Pedro Coser<br \/>\n06 &#8211; Chico Ingl\u00eas<br \/>\n07 &#8211; Fernando Bergesch<br \/>\n08 &#8211; <span data-sheets-root=\"1\" data-sheets-value=\"{&quot;1&quot;:2,&quot;2&quot;:&quot;Bruno Schr\u00f6eder&quot;}\" data-sheets-userformat=\"{&quot;2&quot;:513,&quot;3&quot;:{&quot;1&quot;:0},&quot;12&quot;:0}\">Bruno Schr\u00f6eder<\/span><br \/>\n09 &#8211; Deivid Lopes<br \/>\n10 &#8211; <span data-sheets-value=\"{&quot;1&quot;:2,&quot;2&quot;:&quot;Marcelo Mattos&quot;}\" data-sheets-userformat=\"{&quot;2&quot;:513,&quot;3&quot;:{&quot;1&quot;:0},&quot;12&quot;:0}\">Marcelo Mattos<\/span><br \/>\n11 &#8211; Eduardo Stadulni<br \/>\n12 &#8211; Thallisson Santos<br \/>\n13 &#8211; Mike dos Santos<br \/>\n14 &#8211; Breno Augusto<br \/>\n15 &#8211; F\u00e1bio Muniz<br \/>\n16 &#8211; <span data-sheets-root=\"1\" data-sheets-value=\"{&quot;1&quot;:2,&quot;2&quot;:&quot;Jeferson Brito&quot;}\" data-sheets-userformat=\"{&quot;2&quot;:513,&quot;3&quot;:{&quot;1&quot;:0},&quot;12&quot;:0}\">Jeferson Brito<\/span><br \/>\n17 &#8211; Daniel Carvalho<br \/>\n18 &#8211; Escofil Sanfre<br \/>\n19 &#8211; Nathan Matos<br \/>\n20 &#8211;<br \/>\n21 &#8211; Eduardo Prata<br \/>\n22 &#8211; Leonardo de Castro<br \/>\n23 &#8211; <span data-sheets-root=\"1\">Andr\u00e9 Guidotti<\/span><br \/>\n24 &#8211; Adriano Maximiano<br \/>\n25 &#8211; <span data-sheets-root=\"1\" data-sheets-value=\"{&quot;1&quot;:2,&quot;2&quot;:&quot;Anselmo Gavazzi&quot;}\" data-sheets-userformat=\"{&quot;2&quot;:513,&quot;3&quot;:{&quot;1&quot;:0},&quot;12&quot;:0}\">Anselmo Gavazzi<\/span><br \/>\n26 &#8211; Rolf Campos<br \/>\n27 &#8211; Fred Fungaro<br \/>\n28 &#8211; <span data-sheets-value=\"{&quot;1&quot;:2,&quot;2&quot;:&quot;Sergio Kolachinski&quot;}\" data-sheets-userformat=\"{&quot;2&quot;:513,&quot;3&quot;:{&quot;1&quot;:0},&quot;12&quot;:0}\">Sergio Kolachinski<\/span><br \/>\n29 &#8211; Bruno Castaldini<br \/>\n30 &#8211; Leonardo Lorbi<br \/>\n31 &#8211; Luis Almeida<br \/>\n32 &#8211; Pedro Rangel<br \/>\n33 &#8211; Marcello Menescal<br \/>\n34 &#8211; <span data-sheets-root=\"1\" data-sheets-value=\"{&quot;1&quot;:2,&quot;2&quot;:&quot;P\u00fablio Massmann&quot;}\" data-sheets-userformat=\"{&quot;2&quot;:513,&quot;3&quot;:{&quot;1&quot;:0},&quot;12&quot;:0}\">P\u00fablio Massmann<\/span><br \/>\n35 &#8211; Cesar Bergesch<br \/>\n36 &#8211; Luiz Yoshitomi<br \/>\n37 &#8211;\u00a0Leandro Roveda<br \/>\n38 &#8211; Renato Roveda<br \/>\n39 &#8211; Toninho Motta<br \/>\n40 &#8211; Felipe Chagas<br \/>\n41 &#8211; Rodrigo Beltrame<br \/>\n42 &#8211; C\u00e9zar Mussoi<br \/>\n43 &#8211;\u00a0Pedro\u00a0 Gomes<br \/>\n44 &#8211; Ricardo Soeiro<br \/>\n45 &#8211; Raphael Cleodolpho<br \/>\n46 &#8211; <span data-sheets-value=\"{&quot;1&quot;:2,&quot;2&quot;:&quot;Rodrigo Ricelli de Almeida&quot;}\" data-sheets-userformat=\"{&quot;2&quot;:513,&quot;3&quot;:{&quot;1&quot;:0},&quot;12&quot;:0}\">Rodrigo Ricelli de Almeida<\/span><br \/>\n47 &#8211;<br \/>\n48 &#8211; N\u00e9lio M\u00e1rio<br \/>\n49 &#8211; Otavio\u00a0de Barros<br \/>\n50 &#8211; Bruno Adolfo Hoffmann<br \/>\n51 &#8211; <span data-sheets-value=\"{&quot;1&quot;:2,&quot;2&quot;:&quot;Andre krasauskas &quot;}\" data-sheets-userformat=\"{&quot;2&quot;:513,&quot;3&quot;:{&quot;1&quot;:0},&quot;12&quot;:0}\">Andre krasauskas <\/span><br \/>\n52 &#8211; Rogerio Pavan<br \/>\n53 &#8211;<br \/>\n54 &#8211; Dinho Ferreira<br \/>\n55 &#8211; <span data-sheets-value=\"{&quot;1&quot;:2,&quot;2&quot;:&quot;Rodrigo Vieira&quot;}\" data-sheets-userformat=\"{&quot;2&quot;:513,&quot;3&quot;:{&quot;1&quot;:0},&quot;12&quot;:0}\">Rodrigo Vieira<\/span><br \/>\n56 &#8211;<br \/>\n57 &#8211; Vitchenzo Vela<br \/>\n58 &#8211; <span data-sheets-root=\"1\">Jo\u00e3o Menezes <\/span><br \/>\n59 &#8211;<br \/>\n60 &#8211; Cassio Zpointer<br \/>\n61 &#8211; <span data-sheets-root=\"1\">Felipe Granado<\/span><br \/>\n62 &#8211;<br \/>\n63 &#8211; Luiz Felipe Lordeiro<br \/>\n64 &#8211;<br \/>\n65 &#8211;<br \/>\n66 &#8211; <span data-sheets-root=\"1\" data-sheets-value=\"{&quot;1&quot;:2,&quot;2&quot;:&quot;Jo\u00e3o Borges&quot;}\" data-sheets-userformat=\"{&quot;2&quot;:513,&quot;3&quot;:{&quot;1&quot;:0},&quot;12&quot;:0}\">Jo\u00e3o Borges<\/span><br \/>\n67 &#8211; Elisio Netto<br \/>\n68 &#8211; Giuliano Kneipp<br \/>\n69 &#8211; L\u00e9o Sampaio<br \/>\n70 &#8211; <span data-sheets-root=\"1\" data-sheets-value=\"{&quot;1&quot;:2,&quot;2&quot;:&quot;Alisson Borges&quot;}\" data-sheets-userformat=\"{&quot;2&quot;:513,&quot;3&quot;:{&quot;1&quot;:0},&quot;12&quot;:0}\">Alisson Borges<\/span><br \/>\n71 &#8211; Andr\u00e9 Castanheira<br \/>\n72 &#8211;<br \/>\n73 &#8211;<br \/>\n74 &#8211;<br \/>\n75 &#8211;<br \/>\n76 &#8211;<br \/>\n77 &#8211; Maur\u00edcio Fortunato<br \/>\n78 &#8211; Miguel Braga<br \/>\n79 &#8211;<br \/>\n80 &#8211;<br \/>\n81 &#8211; Roger Baptista<br \/>\n82 &#8211; Joe Silvestrini<br \/>\n83 &#8211; Ricardo Lelis<br \/>\n84 &#8211;<br \/>\n85 &#8211;<br \/>\n86 &#8211; Frankye Brito<br \/>\n87 &#8211;<br \/>\n88 &#8211; Erick Domeneghetti<br \/>\n89 &#8211; Erick Torres<br \/>\n90 &#8211; Adolfo Bisi<br \/>\n91 &#8211;<br \/>\n92 &#8211;<br \/>\n93 &#8211; Ricardo Salgueirinho<br \/>\n94 &#8211; Davi Emanuel<br \/>\n95 &#8211;<br \/>\n96 &#8211; <span data-sheets-value=\"{&quot;1&quot;:2,&quot;2&quot;:&quot;Ernesto Brock&quot;}\" data-sheets-userformat=\"{&quot;2&quot;:513,&quot;3&quot;:{&quot;1&quot;:0},&quot;12&quot;:0}\">Ernesto Brock<\/span><br \/>\n97 &#8211; Dinomar Redfield<br \/>\n98 &#8211;<br \/>\n99 &#8211; <span data-sheets-root=\"1\" data-sheets-value=\"{&quot;1&quot;:2,&quot;2&quot;:&quot;Anderson Maciel &quot;}\" data-sheets-userformat=\"{&quot;2&quot;:513,&quot;3&quot;:{&quot;1&quot;:0},&quot;12&quot;:0}\">Anderson Maciel <\/span><\/p><\/blockquote>\n<p>100 &#8211; <span data-sheets-value=\"{&quot;1&quot;:2,&quot;2&quot;:&quot;Thiago Paz&quot;}\" data-sheets-userformat=\"{&quot;2&quot;:513,&quot;3&quot;:{&quot;1&quot;:0},&quot;12&quot;:0}\">Thiago Paz<\/span><br \/>\n112 &#8211; Gabriel Souza<br \/>\n113 &#8211; Jorge Souza<br \/>\n121 &#8211; Eduardo Salgado<br \/>\n123 &#8211; Leandro Massari<br \/>\n125 &#8211; Fernando Passos<br \/>\n127 &#8211; Bruno Castaldini<br \/>\n128 &#8211; Edgar Lacerda<br \/>\n133 &#8211; Gustavo Ferreira<br \/>\n144 &#8211; Cesar\u00a0Emilio<br \/>\n145 &#8211; Andherson Abreu<br \/>\n151 &#8211; Fernando Galv\u00e3o<br \/>\n155 &#8211; Fred Owlpen<br \/>\n157 &#8211; Marcel Ribeiro<\/p>\n<p><span data-sheets-value=\"{&quot;1&quot;:2,&quot;2&quot;:&quot;Layrton Bar\u00e3o&quot;}\" data-sheets-userformat=\"{&quot;2&quot;:513,&quot;3&quot;:{&quot;1&quot;:0},&quot;12&quot;:0}\">169 &#8211; Layrton Bar\u00e3o<\/span><\/p>\n<p>171 &#8211; Diogo Sodre de Almeida<br \/>\n171 &#8211; Daniel Spinola<\/p>\n<p>178 &#8211; <span data-sheets-value=\"{&quot;1&quot;:2,&quot;2&quot;:&quot;Carlos E Maciel&quot;}\" data-sheets-userformat=\"{&quot;2&quot;:513,&quot;3&quot;:{&quot;1&quot;:0},&quot;12&quot;:0}\">Carlos E Maciel<\/span><br \/>\n<span data-sheets-value=\"{&quot;1&quot;:2,&quot;2&quot;:&quot;Ricardo Prediger&quot;}\" data-sheets-userformat=\"{&quot;2&quot;:513,&quot;3&quot;:{&quot;1&quot;:0},&quot;12&quot;:0}\">187 &#8211; Ricardo Prediger<\/span><\/p>\n<p>200 &#8211; Andre\u00a0krasauskas<br \/>\n212 &#8211; Luis Ramthum<br \/>\n253 &#8211; Victor Angel<\/p>\n<p>288 &#8211; <span data-sheets-value=\"{&quot;1&quot;:2,&quot;2&quot;:&quot;Gustavo Manke &quot;}\" data-sheets-userformat=\"{&quot;2&quot;:513,&quot;3&quot;:{&quot;1&quot;:0},&quot;12&quot;:0}\">Gustavo Manke <\/span><br \/>\n299 &#8211;\u00a0Celso\u00a0Rocha<br \/>\n316 &#8211; Alessandro Moraes<br \/>\n333 &#8211; Paulo Willami<br \/>\n385 &#8211; Edilson\u00a0Fresh<br \/>\n398 &#8211; Gabriel Gonzaga<br \/>\n399\u00a0 &#8211; Thalles Diniz<\/p>\n<p>&nbsp;<\/p>\n<hr \/>\n<p><strong>Indique seu n\u00famero no formul\u00e1rio: <a href=\"https:\/\/forms.gle\/nt2vQ9G3v5iAqE68A\" target=\"_blank\" rel=\"noopener\">https:\/\/forms.gle\/nt2vQ9G3v5iAqE68A<\/a><\/strong><\/p>\n<p>&nbsp;<\/p>\n","protected":false},"excerpt":{"rendered":"<p>Caros pilotos, Queremos manter tudo organizado e garantir que cada um tenha o seu n\u00famero preferido nos campeonatos da Liga. Por favor, escolha o seu n\u00famero abaixo e responda no formul\u00e1rio: https:\/\/forms.gle\/nt2vQ9G3v5iAqE68A Instru\u00e7\u00f5es: Mantenha esse n\u00famero em todos os campeonatos da Liga. Caso deseje escolher outro n\u00famero, solicite atrav\u00e9s deste formul\u00e1rio. Aceitamos numera\u00e7\u00e3o abaixo de [&hellip;]<\/p>\n","protected":false},"author":7,"featured_media":16427,"parent":0,"menu_order":0,"comment_status":"closed","ping_status":"closed","template":"","meta":{"_monsterinsights_skip_tracking":false,"_monsterinsights_sitenote_active":false,"_monsterinsights_sitenote_note":"","_monsterinsights_sitenote_category":0,"footnotes":""},"class_list":["post-16218","page","type-page","status-publish","has-post-thumbnail","hentry"],"_links":{"self":[{"href":"https:\/\/ligavpg.com\/blog\/wp-json\/wp\/v2\/pages\/16218","targetHints":{"allow":["GET"]}}],"collection":[{"href":"https:\/\/ligavpg.com\/blog\/wp-json\/wp\/v2\/pages"}],"about":[{"href":"https:\/\/ligavpg.com\/blog\/wp-json\/wp\/v2\/types\/page"}],"author":[{"embeddable":true,"href":"https:\/\/ligavpg.com\/blog\/wp-json\/wp\/v2\/users\/7"}],"replies":[{"embeddable":true,"href":"https:\/\/ligavpg.com\/blog\/wp-json\/wp\/v2\/comments?post=16218"}],"version-history":[{"count":62,"href":"https:\/\/ligavpg.com\/blog\/wp-json\/wp\/v2\/pages\/16218\/revisions"}],"predecessor-version":[{"id":17149,"href":"https:\/\/ligavpg.com\/blog\/wp-json\/wp\/v2\/pages\/16218\/revisions\/17149"}],"wp:featuredmedia":[{"embeddable":true,"href":"https:\/\/ligavpg.com\/blog\/wp-json\/wp\/v2\/media\/16427"}],"wp:attachment":[{"href":"https:\/\/ligavpg.com\/blog\/wp-json\/wp\/v2\/media?parent=16218"}],"curies":[{"name":"wp","href":"https:\/\/api.w.org\/{rel}","templated":true}]}}