{"id":14641,"date":"2020-09-24T00:06:59","date_gmt":"2020-09-24T03:06:59","guid":{"rendered":"http:\/\/www.ligavpg.com\/blog\/?page_id=14641"},"modified":"2020-12-23T21:47:25","modified_gmt":"2020-12-24T00:47:25","slug":"t3-2020-sprint-race","status":"publish","type":"page","link":"https:\/\/ligavpg.com\/blog\/t3-2020-sprint-race\/","title":{"rendered":"T3-2020 &#8211; Classifica\u00e7\u00e3o Sprint Race"},"content":{"rendered":"\n<table id=\"tablepress-14\" class=\"tablepress tablepress-id-14\">\n<thead>\n<tr class=\"row-1\">\n\t<th class=\"column-1\">Posicao<\/th><th class=\"column-2\">Piloto<\/th><th class=\"column-3\">Equipe<\/th><th class=\"column-4\">Pont.<\/th><th class=\"column-5\">Vitorias<\/th><th class=\"column-6\">poles<\/th><th class=\"column-7\">Volta mais Rapida<\/th><th class=\"column-8\">Bonus por Termino<\/th><th class=\"column-9\">Penalizacoes<\/th><th class=\"column-10\">Descarte<\/th><th class=\"column-11\">Goiania1<\/th><th class=\"column-12\">Goiania2<\/th><th class=\"column-13\">Velo Citta1<\/th><th class=\"column-14\">Velo Citta2<\/th><th class=\"column-15\">Curitiba1<\/th><th class=\"column-16\">Curitiba2<\/th><th class=\"column-17\">Adelaide1<\/th><th class=\"column-18\">Adelaide2<\/th><th class=\"column-19\">Montreal1<\/th><th class=\"column-20\">Montreal2<\/th><th class=\"column-21\">Interlagos1<\/th><th class=\"column-22\">Interlagos2<\/th>\n<\/tr>\n<\/thead>\n<tbody class=\"row-striping row-hover\">\n<tr class=\"row-2\">\n\t<td class=\"column-1\">1<\/td><td class=\"column-2\">Haron Almeida<\/td><td class=\"column-3\">Mustache Virtual Racing<\/td><td class=\"column-4\">328<\/td><td class=\"column-5\">8<\/td><td class=\"column-6\">8<\/td><td class=\"column-7\">4<\/td><td class=\"column-8\">30<\/td><td class=\"column-9\">-6<\/td><td class=\"column-10\">0<\/td><td class=\"column-11\">0<\/td><td class=\"column-12\">0<\/td><td class=\"column-13\">30<\/td><td class=\"column-14\">26<\/td><td class=\"column-15\">26<\/td><td class=\"column-16\">30<\/td><td class=\"column-17\">30<\/td><td class=\"column-18\">30<\/td><td class=\"column-19\">30<\/td><td class=\"column-20\">30<\/td><td class=\"column-21\">30<\/td><td class=\"column-22\">30<\/td>\n<\/tr>\n<tr class=\"row-3\">\n\t<td class=\"column-1\">2<\/td><td class=\"column-2\">Lucas Henrique<\/td><td class=\"column-3\">WW IDEU Racing Team<\/td><td class=\"column-4\">242<\/td><td class=\"column-5\">2<\/td><td class=\"column-6\">3<\/td><td class=\"column-7\">4<\/td><td class=\"column-8\">27<\/td><td class=\"column-9\">-8<\/td><td class=\"column-10\">-18<\/td><td class=\"column-11\">26<\/td><td class=\"column-12\">0<\/td><td class=\"column-13\">26<\/td><td class=\"column-14\">30<\/td><td class=\"column-15\">30<\/td><td class=\"column-16\">26<\/td><td class=\"column-17\">26<\/td><td class=\"column-18\">26<\/td><td class=\"column-19\">18<\/td><td class=\"column-20\">26<\/td><td class=\"column-21\"><\/td><td class=\"column-22\"><\/td>\n<\/tr>\n<tr class=\"row-4\">\n\t<td class=\"column-1\">3<\/td><td class=\"column-2\">Cassio Zpointer<\/td><td class=\"column-3\">DublaRacing<\/td><td class=\"column-4\">216<\/td><td class=\"column-5\"><\/td><td class=\"column-6\"><\/td><td class=\"column-7\"><\/td><td class=\"column-8\">33<\/td><td class=\"column-9\">-16<\/td><td class=\"column-10\">-7<\/td><td class=\"column-11\">7<\/td><td class=\"column-12\">26<\/td><td class=\"column-13\">0<\/td><td class=\"column-14\">12<\/td><td class=\"column-15\">10<\/td><td class=\"column-16\">22<\/td><td class=\"column-17\">18<\/td><td class=\"column-18\">18<\/td><td class=\"column-19\">26<\/td><td class=\"column-20\">15<\/td><td class=\"column-21\">26<\/td><td class=\"column-22\">26<\/td>\n<\/tr>\n<tr class=\"row-5\">\n\t<td class=\"column-1\">4<\/td><td class=\"column-2\">Adriano Max<\/td><td class=\"column-3\">Viracopos Speed Racer<\/td><td class=\"column-4\">187<\/td><td class=\"column-5\"><\/td><td class=\"column-6\"><\/td><td class=\"column-7\"><\/td><td class=\"column-8\">36<\/td><td class=\"column-9\"><\/td><td class=\"column-10\">-16<\/td><td class=\"column-11\">9<\/td><td class=\"column-12\">9<\/td><td class=\"column-13\">12<\/td><td class=\"column-14\">8<\/td><td class=\"column-15\">8<\/td><td class=\"column-16\">15<\/td><td class=\"column-17\">12<\/td><td class=\"column-18\">22<\/td><td class=\"column-19\">22<\/td><td class=\"column-20\">22<\/td><td class=\"column-21\">10<\/td><td class=\"column-22\">18<\/td>\n<\/tr>\n<tr class=\"row-6\">\n\t<td class=\"column-1\">5<\/td><td class=\"column-2\">Cesar Emilio<\/td><td class=\"column-3\">DublaRacing<\/td><td class=\"column-4\">169<\/td><td class=\"column-5\"><\/td><td class=\"column-6\"><\/td><td class=\"column-7\"><\/td><td class=\"column-8\">33<\/td><td class=\"column-9\"><\/td><td class=\"column-10\">-8<\/td><td class=\"column-11\">0<\/td><td class=\"column-12\">12<\/td><td class=\"column-13\">8<\/td><td class=\"column-14\">9<\/td><td class=\"column-15\">12<\/td><td class=\"column-16\">12<\/td><td class=\"column-17\">10<\/td><td class=\"column-18\">10<\/td><td class=\"column-19\">15<\/td><td class=\"column-20\">12<\/td><td class=\"column-21\">22<\/td><td class=\"column-22\">22<\/td>\n<\/tr>\n<tr class=\"row-7\">\n\t<td class=\"column-1\">6<\/td><td class=\"column-2\">Gelson Neto<\/td><td class=\"column-3\">WW IDEU Racing Team<\/td><td class=\"column-4\">151<\/td><td class=\"column-5\"><\/td><td class=\"column-6\"><\/td><td class=\"column-7\">1<\/td><td class=\"column-8\">24<\/td><td class=\"column-9\">-16<\/td><td class=\"column-10\">0<\/td><td class=\"column-11\">12<\/td><td class=\"column-12\">22<\/td><td class=\"column-13\">22<\/td><td class=\"column-14\">18<\/td><td class=\"column-15\">22<\/td><td class=\"column-16\">9<\/td><td class=\"column-17\">22<\/td><td class=\"column-18\">15<\/td><td class=\"column-19\">0<\/td><td class=\"column-20\">0<\/td><td class=\"column-21\"><\/td><td class=\"column-22\"><\/td>\n<\/tr>\n<tr class=\"row-8\">\n\t<td class=\"column-1\">7<\/td><td class=\"column-2\">Toninho Mota<\/td><td class=\"column-3\">Dinos Garage 39<\/td><td class=\"column-4\">146<\/td><td class=\"column-5\">1<\/td><td class=\"column-6\"><\/td><td class=\"column-7\"><\/td><td class=\"column-8\">24<\/td><td class=\"column-9\">-6<\/td><td class=\"column-10\">0<\/td><td class=\"column-11\">30<\/td><td class=\"column-12\">18<\/td><td class=\"column-13\">15<\/td><td class=\"column-14\">22<\/td><td class=\"column-15\">15<\/td><td class=\"column-16\">10<\/td><td class=\"column-17\">0<\/td><td class=\"column-18\">0<\/td><td class=\"column-19\"><\/td><td class=\"column-20\"><\/td><td class=\"column-21\">18<\/td><td class=\"column-22\"><\/td>\n<\/tr>\n<tr class=\"row-9\">\n\t<td class=\"column-1\">8<\/td><td class=\"column-2\">Alessandro Moure<\/td><td class=\"column-3\">DublaRacing<\/td><td class=\"column-4\">111<\/td><td class=\"column-5\"><\/td><td class=\"column-6\"><\/td><td class=\"column-7\"><\/td><td class=\"column-8\">30<\/td><td class=\"column-9\"><\/td><td class=\"column-10\">0<\/td><td class=\"column-11\">0<\/td><td class=\"column-12\">0<\/td><td class=\"column-13\">7<\/td><td class=\"column-14\">7<\/td><td class=\"column-15\">9<\/td><td class=\"column-16\">6<\/td><td class=\"column-17\">9<\/td><td class=\"column-18\">12<\/td><td class=\"column-19\">9<\/td><td class=\"column-20\">10<\/td><td class=\"column-21\">12<\/td><td class=\"column-22\"><\/td>\n<\/tr>\n<tr class=\"row-10\">\n\t<td class=\"column-1\">9<\/td><td class=\"column-2\">Bruno Adolfo Hoffmann<\/td><td class=\"column-3\">Bruno AH Racing<\/td><td class=\"column-4\">95<\/td><td class=\"column-5\"><\/td><td class=\"column-6\"><\/td><td class=\"column-7\"><\/td><td class=\"column-8\">24<\/td><td class=\"column-9\">-8<\/td><td class=\"column-10\">0<\/td><td class=\"column-11\">15<\/td><td class=\"column-12\">8<\/td><td class=\"column-13\">10<\/td><td class=\"column-14\">6<\/td><td class=\"column-15\">0<\/td><td class=\"column-16\">0<\/td><td class=\"column-17\">15<\/td><td class=\"column-18\"><\/td><td class=\"column-19\">10<\/td><td class=\"column-20\"><\/td><td class=\"column-21\">15<\/td><td class=\"column-22\"><\/td>\n<\/tr>\n<tr class=\"row-11\">\n\t<td class=\"column-1\">10<\/td><td class=\"column-2\">Marcelo Kroft<\/td><td class=\"column-3\">IDEU Racing Team<\/td><td class=\"column-4\">93<\/td><td class=\"column-5\"><\/td><td class=\"column-6\"><\/td><td class=\"column-7\"><\/td><td class=\"column-8\">15<\/td><td class=\"column-9\"><\/td><td class=\"column-10\">0<\/td><td class=\"column-11\">0<\/td><td class=\"column-12\">0<\/td><td class=\"column-13\">18<\/td><td class=\"column-14\">15<\/td><td class=\"column-15\">18<\/td><td class=\"column-16\">18<\/td><td class=\"column-17\"><\/td><td class=\"column-18\">9<\/td><td class=\"column-19\"><\/td><td class=\"column-20\"><\/td><td class=\"column-21\"><\/td><td class=\"column-22\"><\/td>\n<\/tr>\n<tr class=\"row-12\">\n\t<td class=\"column-1\">11<\/td><td class=\"column-2\">Wagner Ramos<\/td><td class=\"column-3\">WW IDEU Racing Team<\/td><td class=\"column-4\">82<\/td><td class=\"column-5\"><\/td><td class=\"column-6\"><\/td><td class=\"column-7\"><\/td><td class=\"column-8\">18<\/td><td class=\"column-9\"><\/td><td class=\"column-10\">0<\/td><td class=\"column-11\">10<\/td><td class=\"column-12\">10<\/td><td class=\"column-13\">0<\/td><td class=\"column-14\">0<\/td><td class=\"column-15\">6<\/td><td class=\"column-16\">8<\/td><td class=\"column-17\"><\/td><td class=\"column-18\"><\/td><td class=\"column-19\">12<\/td><td class=\"column-20\">18<\/td><td class=\"column-21\"><\/td><td class=\"column-22\"><\/td>\n<\/tr>\n<tr class=\"row-13\">\n\t<td class=\"column-1\">12<\/td><td class=\"column-2\">Diego Berwanger<\/td><td class=\"column-3\">Tech Union Esports<\/td><td class=\"column-4\">64<\/td><td class=\"column-5\">1<\/td><td class=\"column-6\">1<\/td><td class=\"column-7\">1<\/td><td class=\"column-8\">9<\/td><td class=\"column-9\"><\/td><td class=\"column-10\">0<\/td><td class=\"column-11\">22<\/td><td class=\"column-12\">30<\/td><td class=\"column-13\"><\/td><td class=\"column-14\">1<\/td><td class=\"column-15\">0<\/td><td class=\"column-16\">0<\/td><td class=\"column-17\"><\/td><td class=\"column-18\"><\/td><td class=\"column-19\"><\/td><td class=\"column-20\"><\/td><td class=\"column-21\"><\/td><td class=\"column-22\"><\/td>\n<\/tr>\n<tr class=\"row-14\">\n\t<td class=\"column-1\">13<\/td><td class=\"column-2\">Marcelo Mattos<\/td><td class=\"column-3\">Viracopos Speed Racer<\/td><td class=\"column-4\">52<\/td><td class=\"column-5\"><\/td><td class=\"column-6\"><\/td><td class=\"column-7\"><\/td><td class=\"column-8\">12<\/td><td class=\"column-9\"><\/td><td class=\"column-10\">0<\/td><td class=\"column-11\">6<\/td><td class=\"column-12\">15<\/td><td class=\"column-13\">9<\/td><td class=\"column-14\">10<\/td><td class=\"column-15\">0<\/td><td class=\"column-16\">0<\/td><td class=\"column-17\"><\/td><td class=\"column-18\"><\/td><td class=\"column-19\"><\/td><td class=\"column-20\"><\/td><td class=\"column-21\"><\/td><td class=\"column-22\"><\/td>\n<\/tr>\n<tr class=\"row-15\">\n\t<td class=\"column-1\">14<\/td><td class=\"column-2\">Alan Costa<\/td><td class=\"column-3\">Antares Racing<\/td><td class=\"column-4\">38<\/td><td class=\"column-5\"><\/td><td class=\"column-6\"><\/td><td class=\"column-7\"><\/td><td class=\"column-8\">12<\/td><td class=\"column-9\"><\/td><td class=\"column-10\">0<\/td><td class=\"column-11\"><\/td><td class=\"column-12\">7<\/td><td class=\"column-13\"><\/td><td class=\"column-14\">5<\/td><td class=\"column-15\">7<\/td><td class=\"column-16\">7<\/td><td class=\"column-17\">0<\/td><td class=\"column-18\">0<\/td><td class=\"column-19\"><\/td><td class=\"column-20\"><\/td><td class=\"column-21\"><\/td><td class=\"column-22\"><\/td>\n<\/tr>\n<tr class=\"row-16\">\n\t<td class=\"column-1\">15<\/td><td class=\"column-2\">Jose Antonio<\/td><td class=\"column-3\">Sem equipe<\/td><td class=\"column-4\">17<\/td><td class=\"column-5\"><\/td><td class=\"column-6\"><\/td><td class=\"column-7\"><\/td><td class=\"column-8\">6<\/td><td class=\"column-9\"><\/td><td class=\"column-10\">0<\/td><td class=\"column-11\">8<\/td><td class=\"column-12\"><\/td><td class=\"column-13\"><\/td><td class=\"column-14\">3<\/td><td class=\"column-15\">0<\/td><td class=\"column-16\">0<\/td><td class=\"column-17\"><\/td><td class=\"column-18\"><\/td><td class=\"column-19\"><\/td><td class=\"column-20\"><\/td><td class=\"column-21\"><\/td><td class=\"column-22\"><\/td>\n<\/tr>\n<tr class=\"row-17\">\n\t<td class=\"column-1\">16<\/td><td class=\"column-2\">Vitor Brambila<\/td><td class=\"column-3\">WW IDEU Racing Team<\/td><td class=\"column-4\">13<\/td><td class=\"column-5\"><\/td><td class=\"column-6\"><\/td><td class=\"column-7\"><\/td><td class=\"column-8\">3<\/td><td class=\"column-9\">-8<\/td><td class=\"column-10\">0<\/td><td class=\"column-11\">18<\/td><td class=\"column-12\">0<\/td><td class=\"column-13\">0<\/td><td class=\"column-14\"><\/td><td class=\"column-15\"><\/td><td class=\"column-16\"><\/td><td class=\"column-17\"><\/td><td class=\"column-18\"><\/td><td class=\"column-19\"><\/td><td class=\"column-20\"><\/td><td class=\"column-21\"><\/td><td class=\"column-22\"><\/td>\n<\/tr>\n<tr class=\"row-18\">\n\t<td class=\"column-1\">17<\/td><td class=\"column-2\">Thiago Moro<\/td><td class=\"column-3\">West Racing<\/td><td class=\"column-4\">12<\/td><td class=\"column-5\"><\/td><td class=\"column-6\"><\/td><td class=\"column-7\"><\/td><td class=\"column-8\">6<\/td><td class=\"column-9\">-4<\/td><td class=\"column-10\">0<\/td><td class=\"column-11\"><\/td><td class=\"column-12\"><\/td><td class=\"column-13\">6<\/td><td class=\"column-14\">4<\/td><td class=\"column-15\">0<\/td><td class=\"column-16\">0<\/td><td class=\"column-17\"><\/td><td class=\"column-18\"><\/td><td class=\"column-19\"><\/td><td class=\"column-20\"><\/td><td class=\"column-21\"><\/td><td class=\"column-22\"><\/td>\n<\/tr>\n<tr class=\"row-19\">\n\t<td class=\"column-1\">18<\/td><td class=\"column-2\">Chico Ingles<\/td><td class=\"column-3\">Viracopos Speed Racer<\/td><td class=\"column-4\">9<\/td><td class=\"column-5\"><\/td><td class=\"column-6\"><\/td><td class=\"column-7\"><\/td><td class=\"column-8\">3<\/td><td class=\"column-9\"><\/td><td class=\"column-10\">0<\/td><td class=\"column-11\"><\/td><td class=\"column-12\">6<\/td><td class=\"column-13\">0<\/td><td class=\"column-14\">0<\/td><td class=\"column-15\"><\/td><td class=\"column-16\"><\/td><td class=\"column-17\"><\/td><td class=\"column-18\"><\/td><td class=\"column-19\"><\/td><td class=\"column-20\"><\/td><td class=\"column-21\"><\/td><td class=\"column-22\"><\/td>\n<\/tr>\n<tr class=\"row-20\">\n\t<td class=\"column-1\">19<\/td><td class=\"column-2\">Keyzon Letrari<\/td><td class=\"column-3\">West Racing<\/td><td class=\"column-4\">5<\/td><td class=\"column-5\"><\/td><td class=\"column-6\"><\/td><td class=\"column-7\"><\/td><td class=\"column-8\">6<\/td><td class=\"column-9\">-8<\/td><td class=\"column-10\">0<\/td><td class=\"column-11\"><\/td><td class=\"column-12\"><\/td><td class=\"column-13\">5<\/td><td class=\"column-14\">2<\/td><td class=\"column-15\">0<\/td><td class=\"column-16\">0<\/td><td class=\"column-17\"><\/td><td class=\"column-18\"><\/td><td class=\"column-19\"><\/td><td class=\"column-20\"><\/td><td class=\"column-21\"><\/td><td class=\"column-22\"><\/td>\n<\/tr>\n<tr class=\"row-21\">\n\t<td class=\"column-1\">20<\/td><td class=\"column-2\"><\/td><td class=\"column-3\"><\/td><td class=\"column-4\">0<\/td><td class=\"column-5\"><\/td><td class=\"column-6\"><\/td><td class=\"column-7\"><\/td><td class=\"column-8\"><\/td><td class=\"column-9\"><\/td><td class=\"column-10\"><\/td><td class=\"column-11\"><\/td><td class=\"column-12\"><\/td><td class=\"column-13\"><\/td><td class=\"column-14\"><\/td><td class=\"column-15\"><\/td><td class=\"column-16\"><\/td><td class=\"column-17\"><\/td><td class=\"column-18\"><\/td><td class=\"column-19\"><\/td><td class=\"column-20\"><\/td><td class=\"column-21\"><\/td><td class=\"column-22\"><\/td>\n<\/tr>\n<\/tbody>\n<\/table>\n<!-- #tablepress-14 from cache -->\n<hr \/>\n\n<table id=\"tablepress-15\" class=\"tablepress tablepress-id-15\">\n<thead>\n<tr class=\"row-1\">\n\t<th class=\"column-1\">1<\/th><th class=\"column-2\">Equipes<\/th><th class=\"column-3\">Pontua\u00e7\u00e3o<\/th>\n<\/tr>\n<\/thead>\n<tbody class=\"row-striping row-hover\">\n<tr class=\"row-2\">\n\t<td class=\"column-1\">2<\/td><td class=\"column-2\">DublaRacing<\/td><td class=\"column-3\">496<\/td>\n<\/tr>\n<tr class=\"row-3\">\n\t<td class=\"column-1\">3<\/td><td class=\"column-2\">WW IDEU Racing Team<\/td><td class=\"column-3\">488<\/td>\n<\/tr>\n<tr class=\"row-4\">\n\t<td class=\"column-1\">4<\/td><td class=\"column-2\">Mustache Virtual Racing<\/td><td class=\"column-3\">328<\/td>\n<\/tr>\n<tr class=\"row-5\">\n\t<td class=\"column-1\">5<\/td><td class=\"column-2\">Viracopos Speed Racer<\/td><td class=\"column-3\">196<\/td>\n<\/tr>\n<tr class=\"row-6\">\n\t<td class=\"column-1\">6<\/td><td class=\"column-2\">Dinos Garage 39<\/td><td class=\"column-3\">146<\/td>\n<\/tr>\n<tr class=\"row-7\">\n\t<td class=\"column-1\">7<\/td><td class=\"column-2\">Bruno AH Racing<\/td><td class=\"column-3\">95<\/td>\n<\/tr>\n<tr class=\"row-8\">\n\t<td class=\"column-1\">8<\/td><td class=\"column-2\">Tech Union Esports<\/td><td class=\"column-3\">64<\/td>\n<\/tr>\n<tr class=\"row-9\">\n\t<td class=\"column-1\">9<\/td><td class=\"column-2\">Antares Racing<\/td><td class=\"column-3\">38<\/td>\n<\/tr>\n<tr class=\"row-10\">\n\t<td class=\"column-1\">10<\/td><td class=\"column-2\">West Racing<\/td><td class=\"column-3\">17<\/td>\n<\/tr>\n<tr class=\"row-11\">\n\t<td class=\"column-1\">11<\/td><td class=\"column-2\">Sem equipe<\/td><td class=\"column-3\">17<\/td>\n<\/tr>\n<\/tbody>\n<\/table>\n<!-- #tablepress-15 from cache -->\n<hr \/>\n<p><strong><span style=\"color: #008000;\">1\u00aa Etapa &#8211; Goi\u00e2nia<\/span><\/strong><\/p>\n<p>1\u00aa Bateria<\/p>\n<p>Vit\u00f3ria: Toninho Mota<br \/>\nPole: Diego Berwanger (+1 pt)<br \/>\nVolta mais r\u00e1pida: Diego Berwanger (+1 pt)<br \/>\nPenaliza\u00e7\u00e3o: Vitor Brambila (-8 pts)<\/p>\n<p>2\u00aa Bateria<\/p>\n<p>Vit\u00f3ria: Diego Berwanger<br \/>\nPole: Lucas Henrique (+1 pt)<br \/>\nVolta mais r\u00e1pida: Gelson Neto (+1 pt)<br \/>\nPenaliza\u00e7\u00e3o: Toninho Mota (-6 pts)<\/p>\n<p>&nbsp;<\/p>\n<p><span style=\"color: #008000;\"><strong>2\u00aa Etapa &#8211; Vellocit\u00e0<\/strong><\/span><\/p>\n<p>1\u00aa Bateria<\/p>\n<p>Vit\u00f3ria: Haron Almeida<br \/>\nPole: Lucas Henrique (+1 pt)<br \/>\nVolta mais r\u00e1pida: Lucas Henrique (+1 pt)<br \/>\nPenaliza\u00e7\u00e3o: Lucas Henrique (-8 pts), Thiago Moro (-4 pts), Haron Almeida (-6 pts)<\/p>\n<p>2\u00aa Bateria<\/p>\n<p>Vit\u00f3ria: Lucas Henrique<br \/>\nPole: Haron Almeida (+1 pt)<br \/>\nVolta mais r\u00e1pida: Lucas Henrique (+1 pt)<br \/>\nPenaliza\u00e7\u00e3o:\u00a0 Keyzon Letrari (-8 pts)<\/p>\n<p>&nbsp;<\/p>\n<p><strong><span style=\"color: #008000;\">3\u00aa Etapa &#8211; Curitiba<\/span><\/strong><\/p>\n<p>1\u00aa Bateria<\/p>\n<p>Vit\u00f3ria: Lucas Henrique<br \/>\nPole: Haron Almeida (+1 pt)<br \/>\nVolta mais r\u00e1pida: Haron Almeida (+1 pt)<br \/>\nPenaliza\u00e7\u00e3o: Cassio Z Pointer (-8 pts)<\/p>\n<p>2\u00aa Bateria<\/p>\n<p>Vit\u00f3ria: Haron Almeida<br \/>\nPole: Haron Almeida (+1 pt)<br \/>\nVolta mais r\u00e1pida: Haron Almeida (+1 pt)<br \/>\nPenaliza\u00e7\u00e3o: Sem penaliza\u00e7\u00f5es<\/p>\n<p>&nbsp;<\/p>\n<p><strong><span style=\"color: #008000;\">4\u00aa Etapa &#8211; Adelaide\/AUS<\/span><\/strong><\/p>\n<p>1\u00aa Bateria<\/p>\n<p>Vit\u00f3ria: Haron Almeida<br \/>\nPole: Haron Almeida (+1 pt)<br \/>\nVolta mais r\u00e1pida: Haron Almeida (+1 pt)<br \/>\nPenaliza\u00e7\u00e3o: Sem penaliza\u00e7\u00f5es<\/p>\n<p>2\u00aa Bateria<\/p>\n<p>Vit\u00f3ria: Haron Almeida<br \/>\nPole: Lucas Henrique (+1 pt)<br \/>\nVolta mais r\u00e1pida: Haron Almeida (+1 pt)<br \/>\nPenaliza\u00e7\u00e3o: Cassio Z pointer (-8 pts), Gelson Neto (-8 pts), Bruno Hoffmann (-8 pts)<\/p>\n<p>&nbsp;<\/p>\n<p><strong><span style=\"color: #008000;\">5\u00aa Etapa &#8211; Montreal\/CAN<\/span><\/strong><\/p>\n<p>1\u00aa Bateria<\/p>\n<p>Vit\u00f3ria: Haron Almeida<br \/>\nPole: Haron Almeida (+1 pt)<br \/>\nVolta mais r\u00e1pida: Lucas Henrique (+1 pt)<br \/>\nPenaliza\u00e7\u00e3o: Gelson Neto (-8 pts)<\/p>\n<p>2\u00aa Bateria<\/p>\n<p>Vit\u00f3ria: Haron Almeida<br \/>\nPole: Haron Almeida (+1 pt)<br \/>\nVolta mais r\u00e1pida: Lucas Henrique (+1 pt)&#8217;<br \/>\nPenaliza\u00e7\u00e3o: Sem penaliza\u00e7\u00f5es<\/p>\n<p>&nbsp;<\/p>\n<p><strong><span style=\"color: #008000;\">6\u00aa Etapa &#8211; Interlagos\/SP<\/span><\/strong><\/p>\n<p>1\u00aa Bateria<\/p>\n<p>Vit\u00f3ria: Haron Almeida<br \/>\nPole: Haron Almeida (+1 pt)<br \/>\nVolta mais r\u00e1pida: Haron Almeida (+1 pt)<br \/>\nPenaliza\u00e7\u00e3o: Sem penaliza\u00e7\u00f5es<\/p>\n<p>2\u00aa Bateria<\/p>\n<p>Vit\u00f3ria: Haron Almeida<br \/>\nPole: Haron Almeida (+1 pt)<br \/>\nVolta mais r\u00e1pida: Haron Almeida (+1 pt)<br \/>\nPenaliza\u00e7\u00e3o: Sem penaliza\u00e7\u00f5es<\/p>\n","protected":false},"excerpt":{"rendered":"<p>1\u00aa Etapa &#8211; Goi\u00e2nia 1\u00aa Bateria Vit\u00f3ria: Toninho Mota Pole: Diego Berwanger (+1 pt) Volta mais r\u00e1pida: Diego Berwanger (+1 pt) Penaliza\u00e7\u00e3o: Vitor Brambila (-8 pts) 2\u00aa Bateria Vit\u00f3ria: Diego Berwanger Pole: Lucas Henrique (+1 pt) Volta mais r\u00e1pida: Gelson Neto (+1 pt) Penaliza\u00e7\u00e3o: Toninho Mota (-6 pts) &nbsp; 2\u00aa Etapa &#8211; Vellocit\u00e0 1\u00aa Bateria [&hellip;]<\/p>\n","protected":false},"author":7,"featured_media":0,"parent":0,"menu_order":0,"comment_status":"closed","ping_status":"closed","template":"","meta":{"_monsterinsights_skip_tracking":false,"_monsterinsights_sitenote_active":false,"_monsterinsights_sitenote_note":"","_monsterinsights_sitenote_category":0,"footnotes":""},"class_list":["post-14641","page","type-page","status-publish","hentry"],"_links":{"self":[{"href":"https:\/\/ligavpg.com\/blog\/wp-json\/wp\/v2\/pages\/14641","targetHints":{"allow":["GET"]}}],"collection":[{"href":"https:\/\/ligavpg.com\/blog\/wp-json\/wp\/v2\/pages"}],"about":[{"href":"https:\/\/ligavpg.com\/blog\/wp-json\/wp\/v2\/types\/page"}],"author":[{"embeddable":true,"href":"https:\/\/ligavpg.com\/blog\/wp-json\/wp\/v2\/users\/7"}],"replies":[{"embeddable":true,"href":"https:\/\/ligavpg.com\/blog\/wp-json\/wp\/v2\/comments?post=14641"}],"version-history":[{"count":18,"href":"https:\/\/ligavpg.com\/blog\/wp-json\/wp\/v2\/pages\/14641\/revisions"}],"predecessor-version":[{"id":14855,"href":"https:\/\/ligavpg.com\/blog\/wp-json\/wp\/v2\/pages\/14641\/revisions\/14855"}],"wp:attachment":[{"href":"https:\/\/ligavpg.com\/blog\/wp-json\/wp\/v2\/media?parent=14641"}],"curies":[{"name":"wp","href":"https:\/\/api.w.org\/{rel}","templated":true}]}}